{"id":79,"date":"2021-06-01T14:38:53","date_gmt":"2021-06-01T12:38:53","guid":{"rendered":"http:\/\/atelierwaksu.com\/?page_id=79"},"modified":"2022-03-03T11:05:00","modified_gmt":"2022-03-03T10:05:00","slug":"actualites","status":"publish","type":"page","link":"https:\/\/atelierwaksu.com\/?page_id=79","title":{"rendered":"Actualit\u00e9s"},"content":{"rendered":"\t\t<div data-elementor-type=\"wp-page\" data-elementor-id=\"79\" class=\"elementor elementor-79\">\n\t\t\t\t\t\t\t\t\t<section class=\"elementor-section elementor-top-section elementor-element elementor-element-93378bf elementor-section-boxed elementor-section-height-default elementor-section-height-default\" data-id=\"93378bf\" data-element_type=\"section\">\n\t\t\t\t\t\t<div class=\"elementor-container elementor-column-gap-default\">\n\t\t\t\t\t<div class=\"elementor-column elementor-col-100 elementor-top-column elementor-element elementor-element-6447acc\" data-id=\"6447acc\" data-element_type=\"column\">\n\t\t\t<div class=\"elementor-widget-wrap elementor-element-populated\">\n\t\t\t\t\t\t\t\t<div class=\"elementor-element elementor-element-1cec1bd elementor-widget elementor-widget-heading\" data-id=\"1cec1bd\" data-element_type=\"widget\" data-widget_type=\"heading.default\">\n\t\t\t\t<div class=\"elementor-widget-container\">\n\t\t\t<h2 class=\"elementor-heading-title elementor-size-default\">Prochains Salons M\u00e9tiers d'Art<\/h2>\t\t<\/div>\n\t\t\t\t<\/div>\n\t\t\t\t\t<\/div>\n\t\t<\/div>\n\t\t\t\t\t\t\t<\/div>\n\t\t<\/section>\n\t\t\t\t<section class=\"elementor-section elementor-top-section elementor-element elementor-element-df56811 elementor-section-boxed elementor-section-height-default elementor-section-height-default\" data-id=\"df56811\" data-element_type=\"section\">\n\t\t\t\t\t\t<div class=\"elementor-container elementor-column-gap-default\">\n\t\t\t\t\t<div class=\"elementor-column elementor-col-100 elementor-top-column elementor-element elementor-element-fbd80de\" data-id=\"fbd80de\" data-element_type=\"column\">\n\t\t\t<div class=\"elementor-widget-wrap elementor-element-populated\">\n\t\t\t\t\t\t\t\t<div class=\"elementor-element elementor-element-93a1876 elementor-widget elementor-widget-text-editor\" data-id=\"93a1876\" data-element_type=\"widget\" data-widget_type=\"text-editor.default\">\n\t\t\t\t<div class=\"elementor-widget-container\">\n\t\t\t\t\t\t\t<p><span style=\"color: var( --e-global-color-text ); font-family: var( --e-global-typography-text-font-family ), Sans-serif; font-size: var( --e-global-typography-text-font-size ); font-weight: var( --e-global-typography-text-font-weight ); letter-spacing: var( --e-global-typography-text-letter-spacing );\"><a href=\"https:\/\/atelierwaksu.com\/wp-content\/uploads\/2022\/03\/affiche-talents-de-femmes-2022.pdf\">\u00a0<\/a> Pour l&rsquo;ann\u00e9e 2022, vous pourrez rendre visite \u00e0 l&rsquo;Atelier Waksu aux salons\u00a0 m\u00e9tiers d&rsquo;art suivants :<\/span><\/p><ul><li>les 19 et 20 mars 2022 : <b>Salon Talents de Femmes<\/b>, Salle du Man\u00e8ge VItry-le-Fran\u00e7ois (51), organis\u00e9 par le Zonta Club<\/li><li>les 02 et 03 avril : <a href=\"https:\/\/www.journeesdesmetiersdart.fr\/\">JEMA 2022<\/a> \u00ab\u00a0<b>Nos mains \u00e0 l&rsquo;Unisson\u00a0\u00bb<\/b>, atelier de broderie perl\u00e9e \u00e0 l&rsquo;aiguille, Salle Couchot Bar-le-Duc (55), organis\u00e9 par la<a href=\"https:\/\/www.barleduc.fr\/\"> Mairie de Bar-le-Duc<\/a><\/li><li>\u00a0le 18 septembre 2022 : <strong>March\u00e9 des Artisans d&rsquo;Art, Halle du Boulingrin, Reims<\/strong> (51), organis\u00e9 par la CMA de la Marne<\/li><li>le 27 novembre 2022 :\u00a0<span style=\"font-weight: bold;\">March\u00e9 des Artisans d&rsquo;Art, Halle du Boulingrin, Reims<\/span>\u00a0(51), organis\u00e9 par la CMA de la Marne<\/li><li>les 02, 03, et 04 d\u00e9cembre : <a href=\"https:\/\/metiersdartchampagne.org\/\"><strong>Salon d&rsquo;Automne des M\u00e9tiers d&rsquo;Art<\/strong><\/a>, Salle Panoramique du <strong>Centre Vinicol<\/strong>e <strong>Nicolas Feuillatte, Chouilly(51)<\/strong> , organis\u00e9 par l&rsquo;association Art et Artisanat en Champagne (en attente de confirmation)<\/li><\/ul>\t\t\t\t\t\t<\/div>\n\t\t\t\t<\/div>\n\t\t\t\t\t<\/div>\n\t\t<\/div>\n\t\t\t\t\t\t\t<\/div>\n\t\t<\/section>\n\t\t\t\t<section class=\"elementor-section elementor-top-section elementor-element elementor-element-83542ae elementor-section-boxed elementor-section-height-default elementor-section-height-default\" data-id=\"83542ae\" data-element_type=\"section\">\n\t\t\t\t\t\t<div class=\"elementor-container elementor-column-gap-default\">\n\t\t\t\t\t<div class=\"elementor-column elementor-col-100 elementor-top-column elementor-element elementor-element-90a66e3\" data-id=\"90a66e3\" data-element_type=\"column\">\n\t\t\t<div class=\"elementor-widget-wrap elementor-element-populated\">\n\t\t\t\t\t\t\t\t<div class=\"elementor-element elementor-element-81e74cc elementor-widget elementor-widget-heading\" data-id=\"81e74cc\" data-element_type=\"widget\" data-widget_type=\"heading.default\">\n\t\t\t\t<div class=\"elementor-widget-container\">\n\t\t\t<h2 class=\"elementor-heading-title elementor-size-default\">Participation \u00e0 des concours m\u00e9tiers d'art<\/h2>\t\t<\/div>\n\t\t\t\t<\/div>\n\t\t\t\t<div class=\"elementor-element elementor-element-7100f0c elementor-widget elementor-widget-text-editor\" data-id=\"7100f0c\" data-element_type=\"widget\" data-widget_type=\"text-editor.default\">\n\t\t\t\t<div class=\"elementor-widget-container\">\n\t\t\t\t\t\t\t<p>L&rsquo;Atelier Waksu participe \u00e9galement \u00e0 des concours m\u00e9tiers d&rsquo;art afin de promouvoir le savoir-faire de la broderie perl\u00e9e de Lun\u00e9ville.<\/p>\t\t\t\t\t\t<\/div>\n\t\t\t\t<\/div>\n\t\t\t\t\t<\/div>\n\t\t<\/div>\n\t\t\t\t\t\t\t<\/div>\n\t\t<\/section>\n\t\t\t\t\t\t\t<\/div>\n\t\t","protected":false},"excerpt":{"rendered":"<p>Prochains Salons M\u00e9tiers d&rsquo;Art &nbsp; Pour l&rsquo;ann\u00e9e 2022, vous pourrez rendre visite \u00e0 l&rsquo;Atelier Waksu aux salons&nbsp; m\u00e9tiers d&rsquo;art suivants : les 19 et 20 mars 2022 : Salon Talents de Femmes, Salle du Man\u00e8ge VItry-le-Fran\u00e7ois (51), organis\u00e9 par le Zonta Club les 02 et 03 avril : JEMA 2022 \u00ab\u00a0Nos mains \u00e0 l&rsquo;Unisson\u00a0\u00bb, atelier &hellip; <\/p>\n<p class=\"link-more\"><a href=\"https:\/\/atelierwaksu.com\/?page_id=79\" class=\"more-link\">Continuer la lecture<span class=\"screen-reader-text\"> de &laquo;&nbsp;Actualit\u00e9s&nbsp;&raquo;<\/span><\/a><\/p>\n","protected":false},"author":1,"featured_media":670,"parent":0,"menu_order":0,"comment_status":"closed","ping_status":"closed","template":"","meta":{"footnotes":""},"class_list":["post-79","page","type-page","status-publish","has-post-thumbnail","hentry"],"yoast_head":"<!-- This site is optimized with the Yoast SEO plugin v24.9 - https:\/\/yoast.com\/wordpress\/plugins\/seo\/ -->\n<title>Actualit\u00e9s - ATELIER WAKSU<\/title>\n<meta name=\"description\" content=\"pour l&#039;ann\u00e9e 2022 vous pouvez rencontrer l&#039;Atelier Waksu aux salons m\u00e9tiers d&#039;art de la R\u00e9gion Grand Est\" \/>\n<meta name=\"robots\" content=\"index, follow, max-snippet:-1, max-image-preview:large, max-video-preview:-1\" \/>\n<link rel=\"canonical\" href=\"https:\/\/atelierwaksu.com\/?page_id=79\" \/>\n<meta property=\"og:locale\" content=\"fr_FR\" \/>\n<meta property=\"og:type\" content=\"article\" \/>\n<meta property=\"og:title\" content=\"Actualit\u00e9s - ATELIER WAKSU\" \/>\n<meta property=\"og:description\" content=\"pour l&#039;ann\u00e9e 2022 vous pouvez rencontrer l&#039;Atelier Waksu aux salons m\u00e9tiers d&#039;art de la R\u00e9gion Grand Est\" \/>\n<meta property=\"og:url\" content=\"https:\/\/atelierwaksu.com\/?page_id=79\" \/>\n<meta property=\"og:site_name\" content=\"ATELIER WAKSU\" \/>\n<meta property=\"article:modified_time\" content=\"2022-03-03T10:05:00+00:00\" \/>\n<meta property=\"og:image\" content=\"https:\/\/atelierwaksu.com\/wp-content\/uploads\/2021\/04\/planner-5123002_1920.jpg\" \/>\n\t<meta property=\"og:image:width\" content=\"1920\" \/>\n\t<meta property=\"og:image:height\" content=\"1200\" \/>\n\t<meta property=\"og:image:type\" content=\"image\/jpeg\" \/>\n<meta name=\"twitter:card\" content=\"summary_large_image\" \/>\n<meta name=\"twitter:label1\" content=\"Dur\u00e9e de lecture estim\u00e9e\" \/>\n\t<meta name=\"twitter:data1\" content=\"1 minute\" \/>\n<script type=\"application\/ld+json\" class=\"yoast-schema-graph\">{\"@context\":\"https:\/\/schema.org\",\"@graph\":[{\"@type\":\"WebPage\",\"@id\":\"https:\/\/atelierwaksu.com\/?page_id=79\",\"url\":\"https:\/\/atelierwaksu.com\/?page_id=79\",\"name\":\"Actualit\u00e9s - ATELIER WAKSU\",\"isPartOf\":{\"@id\":\"https:\/\/atelierwaksu.com\/#website\"},\"primaryImageOfPage\":{\"@id\":\"https:\/\/atelierwaksu.com\/?page_id=79#primaryimage\"},\"image\":{\"@id\":\"https:\/\/atelierwaksu.com\/?page_id=79#primaryimage\"},\"thumbnailUrl\":\"https:\/\/atelierwaksu.com\/wp-content\/uploads\/2021\/04\/planner-5123002_1920.jpg\",\"datePublished\":\"2021-06-01T12:38:53+00:00\",\"dateModified\":\"2022-03-03T10:05:00+00:00\",\"description\":\"pour l'ann\u00e9e 2022 vous pouvez rencontrer l'Atelier Waksu aux salons m\u00e9tiers d'art de la R\u00e9gion Grand Est\",\"breadcrumb\":{\"@id\":\"https:\/\/atelierwaksu.com\/?page_id=79#breadcrumb\"},\"inLanguage\":\"fr-FR\",\"potentialAction\":[{\"@type\":\"ReadAction\",\"target\":[\"https:\/\/atelierwaksu.com\/?page_id=79\"]}]},{\"@type\":\"ImageObject\",\"inLanguage\":\"fr-FR\",\"@id\":\"https:\/\/atelierwaksu.com\/?page_id=79#primaryimage\",\"url\":\"https:\/\/atelierwaksu.com\/wp-content\/uploads\/2021\/04\/planner-5123002_1920.jpg\",\"contentUrl\":\"https:\/\/atelierwaksu.com\/wp-content\/uploads\/2021\/04\/planner-5123002_1920.jpg\",\"width\":1920,\"height\":1200,\"caption\":\"agenda actualit\u00e9s\"},{\"@type\":\"BreadcrumbList\",\"@id\":\"https:\/\/atelierwaksu.com\/?page_id=79#breadcrumb\",\"itemListElement\":[{\"@type\":\"ListItem\",\"position\":1,\"name\":\"Accueil\",\"item\":\"https:\/\/atelierwaksu.com\/\"},{\"@type\":\"ListItem\",\"position\":2,\"name\":\"Actualit\u00e9s\"}]},{\"@type\":\"WebSite\",\"@id\":\"https:\/\/atelierwaksu.com\/#website\",\"url\":\"https:\/\/atelierwaksu.com\/\",\"name\":\"ATELIER WAKSU\",\"description\":\"Broderie d&#039;Art\",\"publisher\":{\"@id\":\"https:\/\/atelierwaksu.com\/#organization\"},\"potentialAction\":[{\"@type\":\"SearchAction\",\"target\":{\"@type\":\"EntryPoint\",\"urlTemplate\":\"https:\/\/atelierwaksu.com\/?s={search_term_string}\"},\"query-input\":{\"@type\":\"PropertyValueSpecification\",\"valueRequired\":true,\"valueName\":\"search_term_string\"}}],\"inLanguage\":\"fr-FR\"},{\"@type\":\"Organization\",\"@id\":\"https:\/\/atelierwaksu.com\/#organization\",\"name\":\"ATELIER WAKSU\",\"url\":\"https:\/\/atelierwaksu.com\/\",\"logo\":{\"@type\":\"ImageObject\",\"inLanguage\":\"fr-FR\",\"@id\":\"https:\/\/atelierwaksu.com\/#\/schema\/logo\/image\/\",\"url\":\"https:\/\/atelierwaksu.com\/wp-content\/uploads\/2021\/04\/cropped-logo-simple-avril-2021.jpg\",\"contentUrl\":\"https:\/\/atelierwaksu.com\/wp-content\/uploads\/2021\/04\/cropped-logo-simple-avril-2021.jpg\",\"width\":250,\"height\":250,\"caption\":\"ATELIER WAKSU\"},\"image\":{\"@id\":\"https:\/\/atelierwaksu.com\/#\/schema\/logo\/image\/\"}}]}<\/script>\n<!-- \/ Yoast SEO plugin. -->","yoast_head_json":{"title":"Actualit\u00e9s - ATELIER WAKSU","description":"pour l'ann\u00e9e 2022 vous pouvez rencontrer l'Atelier Waksu aux salons m\u00e9tiers d'art de la R\u00e9gion Grand Est","robots":{"index":"index","follow":"follow","max-snippet":"max-snippet:-1","max-image-preview":"max-image-preview:large","max-video-preview":"max-video-preview:-1"},"canonical":"https:\/\/atelierwaksu.com\/?page_id=79","og_locale":"fr_FR","og_type":"article","og_title":"Actualit\u00e9s - ATELIER WAKSU","og_description":"pour l'ann\u00e9e 2022 vous pouvez rencontrer l'Atelier Waksu aux salons m\u00e9tiers d'art de la R\u00e9gion Grand Est","og_url":"https:\/\/atelierwaksu.com\/?page_id=79","og_site_name":"ATELIER WAKSU","article_modified_time":"2022-03-03T10:05:00+00:00","og_image":[{"width":1920,"height":1200,"url":"https:\/\/atelierwaksu.com\/wp-content\/uploads\/2021\/04\/planner-5123002_1920.jpg","type":"image\/jpeg"}],"twitter_card":"summary_large_image","twitter_misc":{"Dur\u00e9e de lecture estim\u00e9e":"1 minute"},"schema":{"@context":"https:\/\/schema.org","@graph":[{"@type":"WebPage","@id":"https:\/\/atelierwaksu.com\/?page_id=79","url":"https:\/\/atelierwaksu.com\/?page_id=79","name":"Actualit\u00e9s - ATELIER WAKSU","isPartOf":{"@id":"https:\/\/atelierwaksu.com\/#website"},"primaryImageOfPage":{"@id":"https:\/\/atelierwaksu.com\/?page_id=79#primaryimage"},"image":{"@id":"https:\/\/atelierwaksu.com\/?page_id=79#primaryimage"},"thumbnailUrl":"https:\/\/atelierwaksu.com\/wp-content\/uploads\/2021\/04\/planner-5123002_1920.jpg","datePublished":"2021-06-01T12:38:53+00:00","dateModified":"2022-03-03T10:05:00+00:00","description":"pour l'ann\u00e9e 2022 vous pouvez rencontrer l'Atelier Waksu aux salons m\u00e9tiers d'art de la R\u00e9gion Grand Est","breadcrumb":{"@id":"https:\/\/atelierwaksu.com\/?page_id=79#breadcrumb"},"inLanguage":"fr-FR","potentialAction":[{"@type":"ReadAction","target":["https:\/\/atelierwaksu.com\/?page_id=79"]}]},{"@type":"ImageObject","inLanguage":"fr-FR","@id":"https:\/\/atelierwaksu.com\/?page_id=79#primaryimage","url":"https:\/\/atelierwaksu.com\/wp-content\/uploads\/2021\/04\/planner-5123002_1920.jpg","contentUrl":"https:\/\/atelierwaksu.com\/wp-content\/uploads\/2021\/04\/planner-5123002_1920.jpg","width":1920,"height":1200,"caption":"agenda actualit\u00e9s"},{"@type":"BreadcrumbList","@id":"https:\/\/atelierwaksu.com\/?page_id=79#breadcrumb","itemListElement":[{"@type":"ListItem","position":1,"name":"Accueil","item":"https:\/\/atelierwaksu.com\/"},{"@type":"ListItem","position":2,"name":"Actualit\u00e9s"}]},{"@type":"WebSite","@id":"https:\/\/atelierwaksu.com\/#website","url":"https:\/\/atelierwaksu.com\/","name":"ATELIER WAKSU","description":"Broderie d&#039;Art","publisher":{"@id":"https:\/\/atelierwaksu.com\/#organization"},"potentialAction":[{"@type":"SearchAction","target":{"@type":"EntryPoint","urlTemplate":"https:\/\/atelierwaksu.com\/?s={search_term_string}"},"query-input":{"@type":"PropertyValueSpecification","valueRequired":true,"valueName":"search_term_string"}}],"inLanguage":"fr-FR"},{"@type":"Organization","@id":"https:\/\/atelierwaksu.com\/#organization","name":"ATELIER WAKSU","url":"https:\/\/atelierwaksu.com\/","logo":{"@type":"ImageObject","inLanguage":"fr-FR","@id":"https:\/\/atelierwaksu.com\/#\/schema\/logo\/image\/","url":"https:\/\/atelierwaksu.com\/wp-content\/uploads\/2021\/04\/cropped-logo-simple-avril-2021.jpg","contentUrl":"https:\/\/atelierwaksu.com\/wp-content\/uploads\/2021\/04\/cropped-logo-simple-avril-2021.jpg","width":250,"height":250,"caption":"ATELIER WAKSU"},"image":{"@id":"https:\/\/atelierwaksu.com\/#\/schema\/logo\/image\/"}}]}},"_links":{"self":[{"href":"https:\/\/atelierwaksu.com\/index.php?rest_route=\/wp\/v2\/pages\/79","targetHints":{"allow":["GET"]}}],"collection":[{"href":"https:\/\/atelierwaksu.com\/index.php?rest_route=\/wp\/v2\/pages"}],"about":[{"href":"https:\/\/atelierwaksu.com\/index.php?rest_route=\/wp\/v2\/types\/page"}],"author":[{"embeddable":true,"href":"https:\/\/atelierwaksu.com\/index.php?rest_route=\/wp\/v2\/users\/1"}],"replies":[{"embeddable":true,"href":"https:\/\/atelierwaksu.com\/index.php?rest_route=%2Fwp%2Fv2%2Fcomments&post=79"}],"version-history":[{"count":29,"href":"https:\/\/atelierwaksu.com\/index.php?rest_route=\/wp\/v2\/pages\/79\/revisions"}],"predecessor-version":[{"id":834,"href":"https:\/\/atelierwaksu.com\/index.php?rest_route=\/wp\/v2\/pages\/79\/revisions\/834"}],"wp:featuredmedia":[{"embeddable":true,"href":"https:\/\/atelierwaksu.com\/index.php?rest_route=\/wp\/v2\/media\/670"}],"wp:attachment":[{"href":"https:\/\/atelierwaksu.com\/index.php?rest_route=%2Fwp%2Fv2%2Fmedia&parent=79"}],"curies":[{"name":"wp","href":"https:\/\/api.w.org\/{rel}","templated":true}]}}