{"id":78,"date":"2021-06-01T14:38:53","date_gmt":"2021-06-01T12:38:53","guid":{"rendered":"http:\/\/atelierwaksu.com\/?page_id=78"},"modified":"2022-03-03T11:05:45","modified_gmt":"2022-03-03T10:05:45","slug":"e-boutique","status":"publish","type":"page","link":"https:\/\/atelierwaksu.com\/?page_id=78","title":{"rendered":"Acquisitions"},"content":{"rendered":"\t\t<div data-elementor-type=\"wp-page\" data-elementor-id=\"78\" class=\"elementor elementor-78\">\n\t\t\t\t\t\t\t\t\t<section class=\"elementor-section elementor-top-section elementor-element elementor-element-97e3770 elementor-section-boxed elementor-section-height-default elementor-section-height-default\" data-id=\"97e3770\" data-element_type=\"section\">\n\t\t\t\t\t\t<div class=\"elementor-container elementor-column-gap-default\">\n\t\t\t\t\t<div class=\"elementor-column elementor-col-100 elementor-top-column elementor-element elementor-element-fc40844\" data-id=\"fc40844\" data-element_type=\"column\">\n\t\t\t<div class=\"elementor-widget-wrap elementor-element-populated\">\n\t\t\t\t\t\t\t\t<div class=\"elementor-element elementor-element-d5ab057 elementor-widget elementor-widget-text-editor\" data-id=\"d5ab057\" data-element_type=\"widget\" data-widget_type=\"text-editor.default\">\n\t\t\t\t<div class=\"elementor-widget-container\">\n\t\t\t\t\t\t\t<p>Vous \u00eates int\u00e9ress\u00e9.e\u00a0 par une ou plusieurs de nos cr\u00e9ations, nous vous remercions de nous contacter par mail.<\/p><p>Un mod\u00e8le vous pla\u00eet mais dans des dimensions ou couleurs diff\u00e9rentes, une adaptation personnalis\u00e9e est tout \u00e0 fait possible.<\/p><p>N&rsquo;h\u00e9sitez pas \u00e0 nous soumettre tout projet de<b> broderie sur mesure<\/b>,\u00a0 nous sommes disponibles pour en discuter.<\/p>\t\t\t\t\t\t<\/div>\n\t\t\t\t<\/div>\n\t\t\t\t\t<\/div>\n\t\t<\/div>\n\t\t\t\t\t\t\t<\/div>\n\t\t<\/section>\n\t\t\t\t<section class=\"elementor-section elementor-top-section elementor-element elementor-element-4b8650a elementor-section-boxed elementor-section-height-default elementor-section-height-default\" data-id=\"4b8650a\" data-element_type=\"section\">\n\t\t\t\t\t\t<div class=\"elementor-container elementor-column-gap-default\">\n\t\t\t\t\t<div class=\"elementor-column elementor-col-100 elementor-top-column elementor-element elementor-element-83b46d1\" data-id=\"83b46d1\" data-element_type=\"column\">\n\t\t\t<div class=\"elementor-widget-wrap elementor-element-populated\">\n\t\t\t\t\t\t\t\t<div class=\"elementor-element elementor-element-91f196b elementor-button-success elementor-align-center elementor-widget elementor-widget-button\" data-id=\"91f196b\" data-element_type=\"widget\" data-widget_type=\"button.default\">\n\t\t\t\t<div class=\"elementor-widget-container\">\n\t\t\t\t\t<div class=\"elementor-button-wrapper\">\n\t\t\t<a class=\"elementor-button elementor-button-link elementor-size-sm\" href=\"https:\/\/atelierwaksu.com\/?page_id=540\" target=\"_blank\">\n\t\t\t\t\t\t<span class=\"elementor-button-content-wrapper\">\n\t\t\t\t\t\t<span class=\"elementor-button-text\">Nous contacter<\/span>\n\t\t<\/span>\n\t\t\t\t\t<\/a>\n\t\t<\/div>\n\t\t\t\t<\/div>\n\t\t\t\t<\/div>\n\t\t\t\t\t<\/div>\n\t\t<\/div>\n\t\t\t\t\t\t\t<\/div>\n\t\t<\/section>\n\t\t\t\t<section class=\"elementor-section elementor-top-section elementor-element elementor-element-12c1e79 elementor-section-boxed elementor-section-height-default elementor-section-height-default\" data-id=\"12c1e79\" data-element_type=\"section\">\n\t\t\t\t\t\t<div class=\"elementor-container elementor-column-gap-default\">\n\t\t\t\t\t<div class=\"elementor-column elementor-col-100 elementor-top-column elementor-element elementor-element-d480919\" data-id=\"d480919\" data-element_type=\"column\">\n\t\t\t<div class=\"elementor-widget-wrap elementor-element-populated\">\n\t\t\t\t\t\t\t\t<div class=\"elementor-element elementor-element-5b26efe elementor-widget elementor-widget-spacer\" data-id=\"5b26efe\" data-element_type=\"widget\" data-widget_type=\"spacer.default\">\n\t\t\t\t<div class=\"elementor-widget-container\">\n\t\t\t\t\t<div class=\"elementor-spacer\">\n\t\t\t<div class=\"elementor-spacer-inner\"><\/div>\n\t\t<\/div>\n\t\t\t\t<\/div>\n\t\t\t\t<\/div>\n\t\t\t\t<div class=\"elementor-element elementor-element-cbff161 elementor-widget elementor-widget-heading\" data-id=\"cbff161\" data-element_type=\"widget\" data-widget_type=\"heading.default\">\n\t\t\t\t<div class=\"elementor-widget-container\">\n\t\t\t<h2 class=\"elementor-heading-title elementor-size-default\"><a href=\"https:\/\/atelierwaksu.com\/?page_id=453\">Nos cr\u00e9ations textiles brod\u00e9es<\/a><\/h2>\t\t<\/div>\n\t\t\t\t<\/div>\n\t\t\t\t\t<\/div>\n\t\t<\/div>\n\t\t\t\t\t\t\t<\/div>\n\t\t<\/section>\n\t\t\t\t<section class=\"elementor-section elementor-top-section elementor-element elementor-element-7342a48 elementor-section-boxed elementor-section-height-default elementor-section-height-default\" data-id=\"7342a48\" data-element_type=\"section\">\n\t\t\t\t\t\t<div class=\"elementor-container elementor-column-gap-default\">\n\t\t\t\t\t<div class=\"elementor-column elementor-col-100 elementor-top-column elementor-element elementor-element-da36b63\" data-id=\"da36b63\" data-element_type=\"column\">\n\t\t\t<div class=\"elementor-widget-wrap elementor-element-populated\">\n\t\t\t\t\t\t\t\t<div class=\"elementor-element elementor-element-c23fede elementor-widget elementor-widget-heading\" data-id=\"c23fede\" data-element_type=\"widget\" data-widget_type=\"heading.default\">\n\t\t\t\t<div class=\"elementor-widget-container\">\n\t\t\t<h2 class=\"elementor-heading-title elementor-size-default\"><a href=\"https:\/\/atelierwaksu.com\/?page_id=479\">Nos accessoires de mode brod\u00e9s<\/a><\/h2>\t\t<\/div>\n\t\t\t\t<\/div>\n\t\t\t\t\t<\/div>\n\t\t<\/div>\n\t\t\t\t\t\t\t<\/div>\n\t\t<\/section>\n\t\t\t\t\t\t\t<\/div>\n\t\t","protected":false},"excerpt":{"rendered":"<p>Vous \u00eates int\u00e9ress\u00e9.e\u00a0 par une ou plusieurs de nos cr\u00e9ations, nous vous remercions de nous contacter par mail. Un mod\u00e8le vous pla\u00eet mais dans des dimensions ou couleurs diff\u00e9rentes, une adaptation personnalis\u00e9e est tout \u00e0 fait possible. N&rsquo;h\u00e9sitez pas \u00e0 nous soumettre tout projet de broderie sur mesure,\u00a0 nous sommes disponibles pour en discuter. Nous &hellip; <\/p>\n<p class=\"link-more\"><a href=\"https:\/\/atelierwaksu.com\/?page_id=78\" class=\"more-link\">Continuer la lecture<span class=\"screen-reader-text\"> de &laquo;&nbsp;Acquisitions&nbsp;&raquo;<\/span><\/a><\/p>\n","protected":false},"author":1,"featured_media":805,"parent":0,"menu_order":0,"comment_status":"closed","ping_status":"closed","template":"","meta":{"footnotes":""},"class_list":["post-78","page","type-page","status-publish","has-post-thumbnail","hentry"],"yoast_head":"<!-- This site is optimized with the Yoast SEO plugin v24.9 - https:\/\/yoast.com\/wordpress\/plugins\/seo\/ -->\n<title>Acquisitions - ATELIER WAKSU<\/title>\n<meta name=\"robots\" content=\"index, follow, max-snippet:-1, max-image-preview:large, max-video-preview:-1\" \/>\n<link rel=\"canonical\" href=\"https:\/\/atelierwaksu.com\/?page_id=78\" \/>\n<meta property=\"og:locale\" content=\"fr_FR\" \/>\n<meta property=\"og:type\" content=\"article\" \/>\n<meta property=\"og:title\" content=\"Acquisitions - ATELIER WAKSU\" \/>\n<meta property=\"og:description\" content=\"Vous \u00eates int\u00e9ress\u00e9.e\u00a0 par une ou plusieurs de nos cr\u00e9ations, nous vous remercions de nous contacter par mail. Un mod\u00e8le vous pla\u00eet mais dans des dimensions ou couleurs diff\u00e9rentes, une adaptation personnalis\u00e9e est tout \u00e0 fait possible. N&rsquo;h\u00e9sitez pas \u00e0 nous soumettre tout projet de broderie sur mesure,\u00a0 nous sommes disponibles pour en discuter. Nous &hellip; Continuer la lecture de &laquo;&nbsp;Acquisitions&nbsp;&raquo;\" \/>\n<meta property=\"og:url\" content=\"https:\/\/atelierwaksu.com\/?page_id=78\" \/>\n<meta property=\"og:site_name\" content=\"ATELIER WAKSU\" \/>\n<meta property=\"article:modified_time\" content=\"2022-03-03T10:05:45+00:00\" \/>\n<meta property=\"og:image\" content=\"https:\/\/atelierwaksu.com\/wp-content\/uploads\/2021\/06\/gift-548305_1280.jpg\" \/>\n\t<meta property=\"og:image:width\" content=\"1280\" \/>\n\t<meta property=\"og:image:height\" content=\"853\" \/>\n\t<meta property=\"og:image:type\" content=\"image\/jpeg\" \/>\n<meta name=\"twitter:card\" content=\"summary_large_image\" \/>\n<meta name=\"twitter:label1\" content=\"Dur\u00e9e de lecture estim\u00e9e\" \/>\n\t<meta name=\"twitter:data1\" content=\"1 minute\" \/>\n<script type=\"application\/ld+json\" class=\"yoast-schema-graph\">{\"@context\":\"https:\/\/schema.org\",\"@graph\":[{\"@type\":\"WebPage\",\"@id\":\"https:\/\/atelierwaksu.com\/?page_id=78\",\"url\":\"https:\/\/atelierwaksu.com\/?page_id=78\",\"name\":\"Acquisitions - ATELIER WAKSU\",\"isPartOf\":{\"@id\":\"https:\/\/atelierwaksu.com\/#website\"},\"primaryImageOfPage\":{\"@id\":\"https:\/\/atelierwaksu.com\/?page_id=78#primaryimage\"},\"image\":{\"@id\":\"https:\/\/atelierwaksu.com\/?page_id=78#primaryimage\"},\"thumbnailUrl\":\"https:\/\/atelierwaksu.com\/wp-content\/uploads\/2021\/06\/gift-548305_1280.jpg\",\"datePublished\":\"2021-06-01T12:38:53+00:00\",\"dateModified\":\"2022-03-03T10:05:45+00:00\",\"breadcrumb\":{\"@id\":\"https:\/\/atelierwaksu.com\/?page_id=78#breadcrumb\"},\"inLanguage\":\"fr-FR\",\"potentialAction\":[{\"@type\":\"ReadAction\",\"target\":[\"https:\/\/atelierwaksu.com\/?page_id=78\"]}]},{\"@type\":\"ImageObject\",\"inLanguage\":\"fr-FR\",\"@id\":\"https:\/\/atelierwaksu.com\/?page_id=78#primaryimage\",\"url\":\"https:\/\/atelierwaksu.com\/wp-content\/uploads\/2021\/06\/gift-548305_1280.jpg\",\"contentUrl\":\"https:\/\/atelierwaksu.com\/wp-content\/uploads\/2021\/06\/gift-548305_1280.jpg\",\"width\":1280,\"height\":853,\"caption\":\"cadeaux broderie d'art\"},{\"@type\":\"BreadcrumbList\",\"@id\":\"https:\/\/atelierwaksu.com\/?page_id=78#breadcrumb\",\"itemListElement\":[{\"@type\":\"ListItem\",\"position\":1,\"name\":\"Accueil\",\"item\":\"https:\/\/atelierwaksu.com\/\"},{\"@type\":\"ListItem\",\"position\":2,\"name\":\"Acquisitions\"}]},{\"@type\":\"WebSite\",\"@id\":\"https:\/\/atelierwaksu.com\/#website\",\"url\":\"https:\/\/atelierwaksu.com\/\",\"name\":\"ATELIER WAKSU\",\"description\":\"Broderie d&#039;Art\",\"publisher\":{\"@id\":\"https:\/\/atelierwaksu.com\/#organization\"},\"potentialAction\":[{\"@type\":\"SearchAction\",\"target\":{\"@type\":\"EntryPoint\",\"urlTemplate\":\"https:\/\/atelierwaksu.com\/?s={search_term_string}\"},\"query-input\":{\"@type\":\"PropertyValueSpecification\",\"valueRequired\":true,\"valueName\":\"search_term_string\"}}],\"inLanguage\":\"fr-FR\"},{\"@type\":\"Organization\",\"@id\":\"https:\/\/atelierwaksu.com\/#organization\",\"name\":\"ATELIER WAKSU\",\"url\":\"https:\/\/atelierwaksu.com\/\",\"logo\":{\"@type\":\"ImageObject\",\"inLanguage\":\"fr-FR\",\"@id\":\"https:\/\/atelierwaksu.com\/#\/schema\/logo\/image\/\",\"url\":\"https:\/\/atelierwaksu.com\/wp-content\/uploads\/2021\/04\/cropped-logo-simple-avril-2021.jpg\",\"contentUrl\":\"https:\/\/atelierwaksu.com\/wp-content\/uploads\/2021\/04\/cropped-logo-simple-avril-2021.jpg\",\"width\":250,\"height\":250,\"caption\":\"ATELIER WAKSU\"},\"image\":{\"@id\":\"https:\/\/atelierwaksu.com\/#\/schema\/logo\/image\/\"}}]}<\/script>\n<!-- \/ Yoast SEO plugin. -->","yoast_head_json":{"title":"Acquisitions - ATELIER WAKSU","robots":{"index":"index","follow":"follow","max-snippet":"max-snippet:-1","max-image-preview":"max-image-preview:large","max-video-preview":"max-video-preview:-1"},"canonical":"https:\/\/atelierwaksu.com\/?page_id=78","og_locale":"fr_FR","og_type":"article","og_title":"Acquisitions - ATELIER WAKSU","og_description":"Vous \u00eates int\u00e9ress\u00e9.e\u00a0 par une ou plusieurs de nos cr\u00e9ations, nous vous remercions de nous contacter par mail. Un mod\u00e8le vous pla\u00eet mais dans des dimensions ou couleurs diff\u00e9rentes, une adaptation personnalis\u00e9e est tout \u00e0 fait possible. N&rsquo;h\u00e9sitez pas \u00e0 nous soumettre tout projet de broderie sur mesure,\u00a0 nous sommes disponibles pour en discuter. Nous &hellip; Continuer la lecture de &laquo;&nbsp;Acquisitions&nbsp;&raquo;","og_url":"https:\/\/atelierwaksu.com\/?page_id=78","og_site_name":"ATELIER WAKSU","article_modified_time":"2022-03-03T10:05:45+00:00","og_image":[{"width":1280,"height":853,"url":"https:\/\/atelierwaksu.com\/wp-content\/uploads\/2021\/06\/gift-548305_1280.jpg","type":"image\/jpeg"}],"twitter_card":"summary_large_image","twitter_misc":{"Dur\u00e9e de lecture estim\u00e9e":"1 minute"},"schema":{"@context":"https:\/\/schema.org","@graph":[{"@type":"WebPage","@id":"https:\/\/atelierwaksu.com\/?page_id=78","url":"https:\/\/atelierwaksu.com\/?page_id=78","name":"Acquisitions - ATELIER WAKSU","isPartOf":{"@id":"https:\/\/atelierwaksu.com\/#website"},"primaryImageOfPage":{"@id":"https:\/\/atelierwaksu.com\/?page_id=78#primaryimage"},"image":{"@id":"https:\/\/atelierwaksu.com\/?page_id=78#primaryimage"},"thumbnailUrl":"https:\/\/atelierwaksu.com\/wp-content\/uploads\/2021\/06\/gift-548305_1280.jpg","datePublished":"2021-06-01T12:38:53+00:00","dateModified":"2022-03-03T10:05:45+00:00","breadcrumb":{"@id":"https:\/\/atelierwaksu.com\/?page_id=78#breadcrumb"},"inLanguage":"fr-FR","potentialAction":[{"@type":"ReadAction","target":["https:\/\/atelierwaksu.com\/?page_id=78"]}]},{"@type":"ImageObject","inLanguage":"fr-FR","@id":"https:\/\/atelierwaksu.com\/?page_id=78#primaryimage","url":"https:\/\/atelierwaksu.com\/wp-content\/uploads\/2021\/06\/gift-548305_1280.jpg","contentUrl":"https:\/\/atelierwaksu.com\/wp-content\/uploads\/2021\/06\/gift-548305_1280.jpg","width":1280,"height":853,"caption":"cadeaux broderie d'art"},{"@type":"BreadcrumbList","@id":"https:\/\/atelierwaksu.com\/?page_id=78#breadcrumb","itemListElement":[{"@type":"ListItem","position":1,"name":"Accueil","item":"https:\/\/atelierwaksu.com\/"},{"@type":"ListItem","position":2,"name":"Acquisitions"}]},{"@type":"WebSite","@id":"https:\/\/atelierwaksu.com\/#website","url":"https:\/\/atelierwaksu.com\/","name":"ATELIER WAKSU","description":"Broderie d&#039;Art","publisher":{"@id":"https:\/\/atelierwaksu.com\/#organization"},"potentialAction":[{"@type":"SearchAction","target":{"@type":"EntryPoint","urlTemplate":"https:\/\/atelierwaksu.com\/?s={search_term_string}"},"query-input":{"@type":"PropertyValueSpecification","valueRequired":true,"valueName":"search_term_string"}}],"inLanguage":"fr-FR"},{"@type":"Organization","@id":"https:\/\/atelierwaksu.com\/#organization","name":"ATELIER WAKSU","url":"https:\/\/atelierwaksu.com\/","logo":{"@type":"ImageObject","inLanguage":"fr-FR","@id":"https:\/\/atelierwaksu.com\/#\/schema\/logo\/image\/","url":"https:\/\/atelierwaksu.com\/wp-content\/uploads\/2021\/04\/cropped-logo-simple-avril-2021.jpg","contentUrl":"https:\/\/atelierwaksu.com\/wp-content\/uploads\/2021\/04\/cropped-logo-simple-avril-2021.jpg","width":250,"height":250,"caption":"ATELIER WAKSU"},"image":{"@id":"https:\/\/atelierwaksu.com\/#\/schema\/logo\/image\/"}}]}},"_links":{"self":[{"href":"https:\/\/atelierwaksu.com\/index.php?rest_route=\/wp\/v2\/pages\/78","targetHints":{"allow":["GET"]}}],"collection":[{"href":"https:\/\/atelierwaksu.com\/index.php?rest_route=\/wp\/v2\/pages"}],"about":[{"href":"https:\/\/atelierwaksu.com\/index.php?rest_route=\/wp\/v2\/types\/page"}],"author":[{"embeddable":true,"href":"https:\/\/atelierwaksu.com\/index.php?rest_route=\/wp\/v2\/users\/1"}],"replies":[{"embeddable":true,"href":"https:\/\/atelierwaksu.com\/index.php?rest_route=%2Fwp%2Fv2%2Fcomments&post=78"}],"version-history":[{"count":114,"href":"https:\/\/atelierwaksu.com\/index.php?rest_route=\/wp\/v2\/pages\/78\/revisions"}],"predecessor-version":[{"id":837,"href":"https:\/\/atelierwaksu.com\/index.php?rest_route=\/wp\/v2\/pages\/78\/revisions\/837"}],"wp:featuredmedia":[{"embeddable":true,"href":"https:\/\/atelierwaksu.com\/index.php?rest_route=\/wp\/v2\/media\/805"}],"wp:attachment":[{"href":"https:\/\/atelierwaksu.com\/index.php?rest_route=%2Fwp%2Fv2%2Fmedia&parent=78"}],"curies":[{"name":"wp","href":"https:\/\/api.w.org\/{rel}","templated":true}]}}