{"id":77,"date":"2021-04-12T11:11:10","date_gmt":"2021-04-12T09:11:10","guid":{"rendered":"http:\/\/atelierwaksu.com\/?page_id=77"},"modified":"2021-06-01T14:38:53","modified_gmt":"2021-06-01T12:38:53","slug":"ateliers","status":"publish","type":"page","link":"https:\/\/atelierwaksu.com\/?page_id=77","title":{"rendered":"Prestations"},"content":{"rendered":"\t\t<div data-elementor-type=\"wp-page\" data-elementor-id=\"77\" class=\"elementor elementor-77\">\n\t\t\t\t\t\t\t\t\t<section class=\"elementor-section elementor-top-section elementor-element elementor-element-4b19fd5 elementor-section-boxed elementor-section-height-default elementor-section-height-default\" data-id=\"4b19fd5\" data-element_type=\"section\">\n\t\t\t\t\t\t<div class=\"elementor-container elementor-column-gap-default\">\n\t\t\t\t\t<div class=\"elementor-column elementor-col-100 elementor-top-column elementor-element elementor-element-0316477\" data-id=\"0316477\" data-element_type=\"column\">\n\t\t\t<div class=\"elementor-widget-wrap elementor-element-populated\">\n\t\t\t\t\t\t\t\t<div class=\"elementor-element elementor-element-4053cc1 elementor-widget elementor-widget-text-editor\" data-id=\"4053cc1\" data-element_type=\"widget\" data-widget_type=\"text-editor.default\">\n\t\t\t\t<div class=\"elementor-widget-container\">\n\t\t\t\t\t\t\t<p>L&rsquo;<b>Atelier Waksu<\/b> vous propose son savoir-faire en <b>broderie d&rsquo;art<\/b>, du particulier au professionnel de la mode, cr\u00e9ateur, designer&#8230;.<\/p>\t\t\t\t\t\t<\/div>\n\t\t\t\t<\/div>\n\t\t\t\t\t<\/div>\n\t\t<\/div>\n\t\t\t\t\t\t\t<\/div>\n\t\t<\/section>\n\t\t\t\t<section class=\"elementor-section elementor-top-section elementor-element elementor-element-4a722f6 elementor-section-boxed elementor-section-height-default elementor-section-height-default\" data-id=\"4a722f6\" data-element_type=\"section\">\n\t\t\t\t\t\t<div class=\"elementor-container elementor-column-gap-default\">\n\t\t\t\t\t<div class=\"elementor-column elementor-col-100 elementor-top-column elementor-element elementor-element-8208885\" data-id=\"8208885\" data-element_type=\"column\">\n\t\t\t<div class=\"elementor-widget-wrap elementor-element-populated\">\n\t\t\t\t\t\t\t\t<div class=\"elementor-element elementor-element-c32ec47 elementor-widget elementor-widget-heading\" data-id=\"c32ec47\" data-element_type=\"widget\" data-widget_type=\"heading.default\">\n\t\t\t\t<div class=\"elementor-widget-container\">\n\t\t\t<h2 class=\"elementor-heading-title elementor-size-default\">Initiation \u00e0 la broderie pour les particuliers<\/h2>\t\t<\/div>\n\t\t\t\t<\/div>\n\t\t\t\t\t<\/div>\n\t\t<\/div>\n\t\t\t\t\t\t\t<\/div>\n\t\t<\/section>\n\t\t\t\t<section class=\"elementor-section elementor-top-section elementor-element elementor-element-77b0c36 elementor-section-boxed elementor-section-height-default elementor-section-height-default\" data-id=\"77b0c36\" data-element_type=\"section\">\n\t\t\t\t\t\t<div class=\"elementor-container elementor-column-gap-default\">\n\t\t\t\t\t<div class=\"elementor-column elementor-col-100 elementor-top-column elementor-element elementor-element-8b113a7\" data-id=\"8b113a7\" data-element_type=\"column\">\n\t\t\t<div class=\"elementor-widget-wrap elementor-element-populated\">\n\t\t\t\t\t\t\t\t<div class=\"elementor-element elementor-element-c27f7e7 elementor-widget elementor-widget-text-editor\" data-id=\"c27f7e7\" data-element_type=\"widget\" data-widget_type=\"text-editor.default\">\n\t\t\t\t<div class=\"elementor-widget-container\">\n\t\t\t\t\t\t\t<p>Attir\u00e9.e.s par la broderie mais ne sachant par o\u00f9 commencer, l&rsquo;<b>Atelie<\/b>r Waksu est l\u00e0 pour vous accompagner.<\/p><p><b>Broderie \u00e0 l&rsquo;aiguille<\/b> ou au <b>crochet de Lun\u00e9ville<\/b>, nos s\u00e9ances s&rsquo;adaptent \u00e0 votre niveau (d\u00e9butant ou confirm\u00e9).\u00a0<\/p><p>A l&rsquo;aiguille<span style=\"color: var( --e-global-color-text ); font-family: var( --e-global-typography-text-font-family ), Sans-serif; font-weight: var( --e-global-typography-text-font-weight ); font-size: 1rem;\">, vous aborderez diff\u00e9rents points de broderie\u00a0 traditionnelle et leurs variantes : point de tige, point de chainette, point de graine, point de feston, pass\u00e9 plat&#8230;<\/span><\/p><p><span style=\"color: var( --e-global-color-text ); font-family: var( --e-global-typography-text-font-family ), Sans-serif; font-weight: var( --e-global-typography-text-font-weight ); font-size: 1rem;\">Au crochet de Lun\u00e9ville, vous apprendrez \u00e0 tenir le crochet de Lun\u00e9ville,\u00a0 \u00e0 broder sur l&rsquo;envers du tissu, \u00e0 former le point de cha\u00eenette sur ligne droite et courbe, sur formes g\u00e9om\u00e9triques et \u00e0 poser vos premi\u00e8res perles.<\/span><\/p><p>Les s\u00e9ances ont lieu \u00e0 votre domicile .<span style=\"color: var( --e-global-color-text ); font-family: var( --e-global-typography-text-font-family ), Sans-serif; font-weight: var( --e-global-typography-text-font-weight ); font-size: 1rem;\"> Une participation kilom\u00e9trique sera ajout\u00e9e au-del\u00e0 de 20km de Vitry-le-Fran\u00e7ois.<\/span><\/p><p><span style=\"color: var( --e-global-color-text ); font-family: var( --e-global-typography-text-font-family ), Sans-serif; font-weight: var( --e-global-typography-text-font-weight ); font-size: 1rem;\">Tarif : 40\u20ac\/heure ou forfait 10 heures pour 360\u20ac<\/span><\/p><p>Les fournitures (fil, perles, paillettes, tubes) sont fournies par l&rsquo;atelier.<\/p><p><u>Le mat\u00e9riel de broderie reste \u00e0 votre charge<\/u> (tambour, aiguilles, ciseaux, m\u00e9tier \u00e0 broder, crochet de Lun\u00e9ville). L&rsquo;atelier peut vous conseiller sur les diff\u00e9rents fournisseurs. Toutefois, le <u>pr\u00eat de mat\u00e9riel<\/u> reste possible sous r\u00e9serve de disponibilit\u00e9.<\/p>\t\t\t\t\t\t<\/div>\n\t\t\t\t<\/div>\n\t\t\t\t\t<\/div>\n\t\t<\/div>\n\t\t\t\t\t\t\t<\/div>\n\t\t<\/section>\n\t\t\t\t<section class=\"elementor-section elementor-top-section elementor-element elementor-element-0d06b63 elementor-section-boxed elementor-section-height-default elementor-section-height-default\" data-id=\"0d06b63\" data-element_type=\"section\">\n\t\t\t\t\t\t<div class=\"elementor-container elementor-column-gap-default\">\n\t\t\t\t\t<div class=\"elementor-column elementor-col-100 elementor-top-column elementor-element elementor-element-e19f6c5\" data-id=\"e19f6c5\" data-element_type=\"column\">\n\t\t\t<div class=\"elementor-widget-wrap elementor-element-populated\">\n\t\t\t\t\t\t\t\t<div class=\"elementor-element elementor-element-0c8dc9c elementor-widget elementor-widget-heading\" data-id=\"0c8dc9c\" data-element_type=\"widget\" data-widget_type=\"heading.default\">\n\t\t\t\t<div class=\"elementor-widget-container\">\n\t\t\t<h2 class=\"elementor-heading-title elementor-size-default\">Ennobellissement haute couture<span style=\"font-family: var( --e-global-typography-primary-font-family ), Sans-serif; font-size: 1.625rem; font-weight: var( --e-global-typography-primary-font-weight );\"><\/span><br><\/h2>\t\t<\/div>\n\t\t\t\t<\/div>\n\t\t\t\t\t<\/div>\n\t\t<\/div>\n\t\t\t\t\t\t\t<\/div>\n\t\t<\/section>\n\t\t\t\t<section class=\"elementor-section elementor-top-section elementor-element elementor-element-d2753c7 elementor-section-boxed elementor-section-height-default elementor-section-height-default\" data-id=\"d2753c7\" data-element_type=\"section\">\n\t\t\t\t\t\t<div class=\"elementor-container elementor-column-gap-default\">\n\t\t\t\t\t<div class=\"elementor-column elementor-col-100 elementor-top-column elementor-element elementor-element-fd624a4\" data-id=\"fd624a4\" data-element_type=\"column\">\n\t\t\t<div class=\"elementor-widget-wrap elementor-element-populated\">\n\t\t\t\t\t\t\t\t<div class=\"elementor-element elementor-element-005d345 elementor-widget elementor-widget-text-editor\" data-id=\"005d345\" data-element_type=\"widget\" data-widget_type=\"text-editor.default\">\n\t\t\t\t<div class=\"elementor-widget-container\">\n\t\t\t\t\t\t\t<p>L&rsquo;A<b>te<span style=\"color: var( --e-global-color-text ); font-family: var( --e-global-typography-text-font-family ), Sans-serif; font-size: 1rem;\">lier Waksu<\/span><\/b><span style=\"color: var( --e-global-color-text ); font-family: var( --e-global-typography-text-font-family ), Sans-serif; font-weight: var( --e-global-typography-text-font-weight ); font-size: 1rem;\"> propose<\/span><span style=\"color: var( --e-global-color-text ); font-family: var( --e-global-typography-text-font-family ), Sans-serif; font-size: 1rem; font-weight: var( --e-global-typography-text-font-weight );\">\u00a0la r\u00e9alisation d&rsquo;\u00e9chantillons de <\/span><span style=\"color: var( --e-global-color-text ); font-family: var( --e-global-typography-text-font-family ), Sans-serif; font-size: 1rem;\"><b>broderie ha<\/b><\/span><span style=\"color: var( --e-global-color-text ); font-family: var( --e-global-typography-text-font-family ), Sans-serif; font-size: 1rem;\"><b>ute<\/b><\/span> <b><span style=\"color: var( --e-global-color-text ); font-family: var( --e-global-typography-text-font-family ), Sans-serif; font-size: 1rem;\">coutur<\/span><span style=\"color: var( --e-global-color-text ); font-family: var( --e-global-typography-text-font-family ), Sans-serif; font-size: 1rem;\">e<\/span><\/b><span style=\"color: var( --e-global-color-text ); font-family: var( --e-global-typography-text-font-family ), Sans-serif; font-size: 1rem; font-weight: var( --e-global-typography-text-font-weight );\">, ainsi que la r\u00e9alisation de la broderie sur tissu ou autre support.<\/span><\/p><p><u>Uniquement pour professionnels de la mode<\/u> (stylistes, cr\u00e9ateurs, studios de broderie, modistes&#8230;) <u>et les m\u00e9tiers d&rsquo;art<\/u> souhaitant apporter une touche d&rsquo;originalit\u00e9 sur leurs cr\u00e9ations.<\/p><p>Sur devis. Forfait journalier possible<\/p>\t\t\t\t\t\t<\/div>\n\t\t\t\t<\/div>\n\t\t\t\t\t<\/div>\n\t\t<\/div>\n\t\t\t\t\t\t\t<\/div>\n\t\t<\/section>\n\t\t\t\t<section class=\"elementor-section elementor-top-section elementor-element elementor-element-41769a7 elementor-section-boxed elementor-section-height-default elementor-section-height-default\" data-id=\"41769a7\" data-element_type=\"section\">\n\t\t\t\t\t\t<div class=\"elementor-container elementor-column-gap-default\">\n\t\t\t\t\t<div class=\"elementor-column elementor-col-100 elementor-top-column elementor-element elementor-element-ba241c1\" data-id=\"ba241c1\" data-element_type=\"column\">\n\t\t\t<div class=\"elementor-widget-wrap elementor-element-populated\">\n\t\t\t\t\t\t\t\t<div class=\"elementor-element elementor-element-f269315 elementor-widget elementor-widget-heading\" data-id=\"f269315\" data-element_type=\"widget\" data-widget_type=\"heading.default\">\n\t\t\t\t<div class=\"elementor-widget-container\">\n\t\t\t<h2 class=\"elementor-heading-title elementor-size-default\">Broderie sur tissu ou autre support<\/h2>\t\t<\/div>\n\t\t\t\t<\/div>\n\t\t\t\t\t<\/div>\n\t\t<\/div>\n\t\t\t\t\t\t\t<\/div>\n\t\t<\/section>\n\t\t\t\t<section class=\"elementor-section elementor-top-section elementor-element elementor-element-837327b elementor-section-boxed elementor-section-height-default elementor-section-height-default\" data-id=\"837327b\" data-element_type=\"section\">\n\t\t\t\t\t\t<div class=\"elementor-container elementor-column-gap-default\">\n\t\t\t\t\t<div class=\"elementor-column elementor-col-100 elementor-top-column elementor-element elementor-element-6972aa3\" data-id=\"6972aa3\" data-element_type=\"column\">\n\t\t\t<div class=\"elementor-widget-wrap elementor-element-populated\">\n\t\t\t\t\t\t\t\t<div class=\"elementor-element elementor-element-25933f9 elementor-widget elementor-widget-text-editor\" data-id=\"25933f9\" data-element_type=\"widget\" data-widget_type=\"text-editor.default\">\n\t\t\t\t<div class=\"elementor-widget-container\">\n\t\t\t\t\t\t\t<p>L&rsquo;<strong>A<\/strong><b>telier Waksu<\/b> est \u00e0 l&rsquo;\u00e9coute de toute demande de cr\u00e9ation d&rsquo;\u0153uvre brod\u00e9e sur mesure.\u00a0<\/p><p>Que ce soit pour de la d\u00e9coration int\u00e9rieure (linge de maison, tableaux) ou pour des accessoires de mode (broches, habillage de sacs \u00e0 main, bijoux), <strong>Atelier Waksu<\/strong> met \u00e0 votre service son savoir-faire pour concr\u00e9tiser une envie, une id\u00e9e, un projet.<\/p><p><span style=\"color: var( --e-global-color-text ); font-family: var( --e-global-typography-text-font-family ), Sans-serif; font-weight: var( --e-global-typography-text-font-weight ); font-size: 1rem;\">\u00a0Po<\/span><span style=\"color: var( --e-global-color-text ); font-family: var( --e-global-typography-text-font-family ), Sans-serif; font-size: 1rem; font-weight: var( --e-global-typography-text-font-weight );\">ur particuliers et professionnels.<\/span><\/p><p>Sur devis.<\/p>\t\t\t\t\t\t<\/div>\n\t\t\t\t<\/div>\n\t\t\t\t\t<\/div>\n\t\t<\/div>\n\t\t\t\t\t\t\t<\/div>\n\t\t<\/section>\n\t\t\t\t\t\t\t<\/div>\n\t\t","protected":false},"excerpt":{"rendered":"<p>L&rsquo;Atelier Waksu vous propose son savoir-faire en broderie d&rsquo;art, du particulier au professionnel de la mode, cr\u00e9ateur, designer&#8230;. Initiation \u00e0 la broderie pour les particuliers Attir\u00e9.e.s par la broderie mais ne sachant par o\u00f9 commencer, l&rsquo;Atelier Waksu est l\u00e0 pour vous accompagner. Broderie \u00e0 l&rsquo;aiguille ou au crochet de Lun\u00e9ville, nos s\u00e9ances s&rsquo;adaptent \u00e0 votre &hellip; <\/p>\n<p class=\"link-more\"><a href=\"https:\/\/atelierwaksu.com\/?page_id=77\" class=\"more-link\">Continuer la lecture<span class=\"screen-reader-text\"> de &laquo;&nbsp;Prestations&nbsp;&raquo;<\/span><\/a><\/p>\n","protected":false},"author":1,"featured_media":347,"parent":0,"menu_order":0,"comment_status":"closed","ping_status":"closed","template":"","meta":{"footnotes":""},"class_list":["post-77","page","type-page","status-publish","has-post-thumbnail","hentry"],"yoast_head":"<!-- This site is optimized with the Yoast SEO plugin v24.9 - https:\/\/yoast.com\/wordpress\/plugins\/seo\/ -->\n<title>Prestations - ATELIER WAKSU<\/title>\n<meta name=\"robots\" content=\"index, follow, max-snippet:-1, max-image-preview:large, max-video-preview:-1\" \/>\n<link rel=\"canonical\" href=\"https:\/\/atelierwaksu.com\/?page_id=77\" \/>\n<meta property=\"og:locale\" content=\"fr_FR\" \/>\n<meta property=\"og:type\" content=\"article\" \/>\n<meta property=\"og:title\" content=\"Prestations - ATELIER WAKSU\" \/>\n<meta property=\"og:description\" content=\"L&rsquo;Atelier Waksu vous propose son savoir-faire en broderie d&rsquo;art, du particulier au professionnel de la mode, cr\u00e9ateur, designer&#8230;. Initiation \u00e0 la broderie pour les particuliers Attir\u00e9.e.s par la broderie mais ne sachant par o\u00f9 commencer, l&rsquo;Atelier Waksu est l\u00e0 pour vous accompagner. Broderie \u00e0 l&rsquo;aiguille ou au crochet de Lun\u00e9ville, nos s\u00e9ances s&rsquo;adaptent \u00e0 votre &hellip; Continuer la lecture de &laquo;&nbsp;Prestations&nbsp;&raquo;\" \/>\n<meta property=\"og:url\" content=\"https:\/\/atelierwaksu.com\/?page_id=77\" \/>\n<meta property=\"og:site_name\" content=\"ATELIER WAKSU\" \/>\n<meta property=\"article:modified_time\" content=\"2021-06-01T12:38:53+00:00\" \/>\n<meta property=\"og:image\" content=\"https:\/\/atelierwaksu.com\/wp-content\/uploads\/2021\/04\/P1010645_v2-scaled.jpg\" \/>\n\t<meta property=\"og:image:width\" content=\"2560\" \/>\n\t<meta property=\"og:image:height\" content=\"1920\" \/>\n\t<meta property=\"og:image:type\" content=\"image\/jpeg\" \/>\n<meta name=\"twitter:card\" content=\"summary_large_image\" \/>\n<meta name=\"twitter:label1\" content=\"Dur\u00e9e de lecture estim\u00e9e\" \/>\n\t<meta name=\"twitter:data1\" content=\"2 minutes\" \/>\n<script type=\"application\/ld+json\" class=\"yoast-schema-graph\">{\"@context\":\"https:\/\/schema.org\",\"@graph\":[{\"@type\":\"WebPage\",\"@id\":\"https:\/\/atelierwaksu.com\/?page_id=77\",\"url\":\"https:\/\/atelierwaksu.com\/?page_id=77\",\"name\":\"Prestations - ATELIER WAKSU\",\"isPartOf\":{\"@id\":\"https:\/\/atelierwaksu.com\/#website\"},\"primaryImageOfPage\":{\"@id\":\"https:\/\/atelierwaksu.com\/?page_id=77#primaryimage\"},\"image\":{\"@id\":\"https:\/\/atelierwaksu.com\/?page_id=77#primaryimage\"},\"thumbnailUrl\":\"https:\/\/atelierwaksu.com\/wp-content\/uploads\/2021\/04\/P1010645_v2-scaled.jpg\",\"datePublished\":\"2021-04-12T09:11:10+00:00\",\"dateModified\":\"2021-06-01T12:38:53+00:00\",\"breadcrumb\":{\"@id\":\"https:\/\/atelierwaksu.com\/?page_id=77#breadcrumb\"},\"inLanguage\":\"fr-FR\",\"potentialAction\":[{\"@type\":\"ReadAction\",\"target\":[\"https:\/\/atelierwaksu.com\/?page_id=77\"]}]},{\"@type\":\"ImageObject\",\"inLanguage\":\"fr-FR\",\"@id\":\"https:\/\/atelierwaksu.com\/?page_id=77#primaryimage\",\"url\":\"https:\/\/atelierwaksu.com\/wp-content\/uploads\/2021\/04\/P1010645_v2-scaled.jpg\",\"contentUrl\":\"https:\/\/atelierwaksu.com\/wp-content\/uploads\/2021\/04\/P1010645_v2-scaled.jpg\",\"width\":2560,\"height\":1920,\"caption\":\"prestation broderie d'art\"},{\"@type\":\"BreadcrumbList\",\"@id\":\"https:\/\/atelierwaksu.com\/?page_id=77#breadcrumb\",\"itemListElement\":[{\"@type\":\"ListItem\",\"position\":1,\"name\":\"Accueil\",\"item\":\"https:\/\/atelierwaksu.com\/\"},{\"@type\":\"ListItem\",\"position\":2,\"name\":\"Prestations\"}]},{\"@type\":\"WebSite\",\"@id\":\"https:\/\/atelierwaksu.com\/#website\",\"url\":\"https:\/\/atelierwaksu.com\/\",\"name\":\"ATELIER WAKSU\",\"description\":\"Broderie d&#039;Art\",\"publisher\":{\"@id\":\"https:\/\/atelierwaksu.com\/#organization\"},\"potentialAction\":[{\"@type\":\"SearchAction\",\"target\":{\"@type\":\"EntryPoint\",\"urlTemplate\":\"https:\/\/atelierwaksu.com\/?s={search_term_string}\"},\"query-input\":{\"@type\":\"PropertyValueSpecification\",\"valueRequired\":true,\"valueName\":\"search_term_string\"}}],\"inLanguage\":\"fr-FR\"},{\"@type\":\"Organization\",\"@id\":\"https:\/\/atelierwaksu.com\/#organization\",\"name\":\"ATELIER WAKSU\",\"url\":\"https:\/\/atelierwaksu.com\/\",\"logo\":{\"@type\":\"ImageObject\",\"inLanguage\":\"fr-FR\",\"@id\":\"https:\/\/atelierwaksu.com\/#\/schema\/logo\/image\/\",\"url\":\"https:\/\/atelierwaksu.com\/wp-content\/uploads\/2021\/04\/cropped-logo-simple-avril-2021.jpg\",\"contentUrl\":\"https:\/\/atelierwaksu.com\/wp-content\/uploads\/2021\/04\/cropped-logo-simple-avril-2021.jpg\",\"width\":250,\"height\":250,\"caption\":\"ATELIER WAKSU\"},\"image\":{\"@id\":\"https:\/\/atelierwaksu.com\/#\/schema\/logo\/image\/\"}}]}<\/script>\n<!-- \/ Yoast SEO plugin. -->","yoast_head_json":{"title":"Prestations - ATELIER WAKSU","robots":{"index":"index","follow":"follow","max-snippet":"max-snippet:-1","max-image-preview":"max-image-preview:large","max-video-preview":"max-video-preview:-1"},"canonical":"https:\/\/atelierwaksu.com\/?page_id=77","og_locale":"fr_FR","og_type":"article","og_title":"Prestations - ATELIER WAKSU","og_description":"L&rsquo;Atelier Waksu vous propose son savoir-faire en broderie d&rsquo;art, du particulier au professionnel de la mode, cr\u00e9ateur, designer&#8230;. Initiation \u00e0 la broderie pour les particuliers Attir\u00e9.e.s par la broderie mais ne sachant par o\u00f9 commencer, l&rsquo;Atelier Waksu est l\u00e0 pour vous accompagner. Broderie \u00e0 l&rsquo;aiguille ou au crochet de Lun\u00e9ville, nos s\u00e9ances s&rsquo;adaptent \u00e0 votre &hellip; Continuer la lecture de &laquo;&nbsp;Prestations&nbsp;&raquo;","og_url":"https:\/\/atelierwaksu.com\/?page_id=77","og_site_name":"ATELIER WAKSU","article_modified_time":"2021-06-01T12:38:53+00:00","og_image":[{"width":2560,"height":1920,"url":"https:\/\/atelierwaksu.com\/wp-content\/uploads\/2021\/04\/P1010645_v2-scaled.jpg","type":"image\/jpeg"}],"twitter_card":"summary_large_image","twitter_misc":{"Dur\u00e9e de lecture estim\u00e9e":"2 minutes"},"schema":{"@context":"https:\/\/schema.org","@graph":[{"@type":"WebPage","@id":"https:\/\/atelierwaksu.com\/?page_id=77","url":"https:\/\/atelierwaksu.com\/?page_id=77","name":"Prestations - ATELIER WAKSU","isPartOf":{"@id":"https:\/\/atelierwaksu.com\/#website"},"primaryImageOfPage":{"@id":"https:\/\/atelierwaksu.com\/?page_id=77#primaryimage"},"image":{"@id":"https:\/\/atelierwaksu.com\/?page_id=77#primaryimage"},"thumbnailUrl":"https:\/\/atelierwaksu.com\/wp-content\/uploads\/2021\/04\/P1010645_v2-scaled.jpg","datePublished":"2021-04-12T09:11:10+00:00","dateModified":"2021-06-01T12:38:53+00:00","breadcrumb":{"@id":"https:\/\/atelierwaksu.com\/?page_id=77#breadcrumb"},"inLanguage":"fr-FR","potentialAction":[{"@type":"ReadAction","target":["https:\/\/atelierwaksu.com\/?page_id=77"]}]},{"@type":"ImageObject","inLanguage":"fr-FR","@id":"https:\/\/atelierwaksu.com\/?page_id=77#primaryimage","url":"https:\/\/atelierwaksu.com\/wp-content\/uploads\/2021\/04\/P1010645_v2-scaled.jpg","contentUrl":"https:\/\/atelierwaksu.com\/wp-content\/uploads\/2021\/04\/P1010645_v2-scaled.jpg","width":2560,"height":1920,"caption":"prestation broderie d'art"},{"@type":"BreadcrumbList","@id":"https:\/\/atelierwaksu.com\/?page_id=77#breadcrumb","itemListElement":[{"@type":"ListItem","position":1,"name":"Accueil","item":"https:\/\/atelierwaksu.com\/"},{"@type":"ListItem","position":2,"name":"Prestations"}]},{"@type":"WebSite","@id":"https:\/\/atelierwaksu.com\/#website","url":"https:\/\/atelierwaksu.com\/","name":"ATELIER WAKSU","description":"Broderie d&#039;Art","publisher":{"@id":"https:\/\/atelierwaksu.com\/#organization"},"potentialAction":[{"@type":"SearchAction","target":{"@type":"EntryPoint","urlTemplate":"https:\/\/atelierwaksu.com\/?s={search_term_string}"},"query-input":{"@type":"PropertyValueSpecification","valueRequired":true,"valueName":"search_term_string"}}],"inLanguage":"fr-FR"},{"@type":"Organization","@id":"https:\/\/atelierwaksu.com\/#organization","name":"ATELIER WAKSU","url":"https:\/\/atelierwaksu.com\/","logo":{"@type":"ImageObject","inLanguage":"fr-FR","@id":"https:\/\/atelierwaksu.com\/#\/schema\/logo\/image\/","url":"https:\/\/atelierwaksu.com\/wp-content\/uploads\/2021\/04\/cropped-logo-simple-avril-2021.jpg","contentUrl":"https:\/\/atelierwaksu.com\/wp-content\/uploads\/2021\/04\/cropped-logo-simple-avril-2021.jpg","width":250,"height":250,"caption":"ATELIER WAKSU"},"image":{"@id":"https:\/\/atelierwaksu.com\/#\/schema\/logo\/image\/"}}]}},"_links":{"self":[{"href":"https:\/\/atelierwaksu.com\/index.php?rest_route=\/wp\/v2\/pages\/77","targetHints":{"allow":["GET"]}}],"collection":[{"href":"https:\/\/atelierwaksu.com\/index.php?rest_route=\/wp\/v2\/pages"}],"about":[{"href":"https:\/\/atelierwaksu.com\/index.php?rest_route=\/wp\/v2\/types\/page"}],"author":[{"embeddable":true,"href":"https:\/\/atelierwaksu.com\/index.php?rest_route=\/wp\/v2\/users\/1"}],"replies":[{"embeddable":true,"href":"https:\/\/atelierwaksu.com\/index.php?rest_route=%2Fwp%2Fv2%2Fcomments&post=77"}],"version-history":[{"count":44,"href":"https:\/\/atelierwaksu.com\/index.php?rest_route=\/wp\/v2\/pages\/77\/revisions"}],"predecessor-version":[{"id":736,"href":"https:\/\/atelierwaksu.com\/index.php?rest_route=\/wp\/v2\/pages\/77\/revisions\/736"}],"wp:featuredmedia":[{"embeddable":true,"href":"https:\/\/atelierwaksu.com\/index.php?rest_route=\/wp\/v2\/media\/347"}],"wp:attachment":[{"href":"https:\/\/atelierwaksu.com\/index.php?rest_route=%2Fwp%2Fv2%2Fmedia&parent=77"}],"curies":[{"name":"wp","href":"https:\/\/api.w.org\/{rel}","templated":true}]}}