{"id":357,"date":"2021-06-01T14:38:53","date_gmt":"2021-06-01T12:38:53","guid":{"rendered":"https:\/\/atelierwaksu.com\/?page_id=357"},"modified":"2021-06-01T14:38:53","modified_gmt":"2021-06-01T12:38:53","slug":"accueil-2","status":"publish","type":"page","link":"https:\/\/atelierwaksu.com\/","title":{"rendered":"Accueil"},"content":{"rendered":"\t\t<div data-elementor-type=\"wp-page\" data-elementor-id=\"357\" class=\"elementor elementor-357\">\n\t\t\t\t\t\t\t\t\t<section class=\"elementor-section elementor-top-section elementor-element elementor-element-72082f44 elementor-section-boxed elementor-section-height-default elementor-section-height-default\" data-id=\"72082f44\" data-element_type=\"section\">\n\t\t\t\t\t\t<div class=\"elementor-container elementor-column-gap-default\">\n\t\t\t\t\t<div class=\"elementor-column elementor-col-100 elementor-top-column elementor-element elementor-element-336a568c\" data-id=\"336a568c\" data-element_type=\"column\">\n\t\t\t<div class=\"elementor-widget-wrap elementor-element-populated\">\n\t\t\t\t\t\t\t\t<div class=\"elementor-element elementor-element-630227ce elementor-widget elementor-widget-text-editor\" data-id=\"630227ce\" data-element_type=\"widget\" data-widget_type=\"text-editor.default\">\n\t\t\t\t<div class=\"elementor-widget-container\">\n\t\t\t\t\t\t\t<p><b>Atelier Waksu<\/b> est un atelier de <b>broderie d&rsquo;art<\/b>, sp\u00e9cialis\u00e9 en broderie perl\u00e9e.<\/p><p>Son savoir-faire acquis \u00e0 Lun\u00e9ville (Lorraine), berceau de la broderie perl\u00e9e, lui permet de vous proposer des cr\u00e9ations textiles alliant modernit\u00e9 et tradition.<\/p>\t\t\t\t\t\t<\/div>\n\t\t\t\t<\/div>\n\t\t\t\t\t<\/div>\n\t\t<\/div>\n\t\t\t\t\t\t\t<\/div>\n\t\t<\/section>\n\t\t\t\t\t\t\t<\/div>\n\t\t","protected":false},"excerpt":{"rendered":"<p>Atelier Waksu est un atelier de broderie d&rsquo;art, sp\u00e9cialis\u00e9 en broderie perl\u00e9e. Son savoir-faire acquis \u00e0 Lun\u00e9ville (Lorraine), berceau de la broderie perl\u00e9e, lui permet de vous proposer des cr\u00e9ations textiles alliant modernit\u00e9 et tradition.<\/p>\n","protected":false},"author":1,"featured_media":0,"parent":0,"menu_order":0,"comment_status":"closed","ping_status":"closed","template":"","meta":{"footnotes":""},"class_list":["post-357","page","type-page","status-publish","hentry"],"yoast_head":"<!-- This site is optimized with the Yoast SEO plugin v24.9 - https:\/\/yoast.com\/wordpress\/plugins\/seo\/ -->\n<title>Accueil - ATELIER WAKSU<\/title>\n<meta name=\"robots\" content=\"index, follow, max-snippet:-1, max-image-preview:large, max-video-preview:-1\" \/>\n<link rel=\"canonical\" href=\"https:\/\/atelierwaksu.com\/\" \/>\n<meta property=\"og:locale\" content=\"fr_FR\" \/>\n<meta property=\"og:type\" content=\"article\" \/>\n<meta property=\"og:title\" content=\"Accueil - ATELIER WAKSU\" \/>\n<meta property=\"og:description\" content=\"Atelier Waksu est un atelier de broderie d&rsquo;art, sp\u00e9cialis\u00e9 en broderie perl\u00e9e. Son savoir-faire acquis \u00e0 Lun\u00e9ville (Lorraine), berceau de la broderie perl\u00e9e, lui permet de vous proposer des cr\u00e9ations textiles alliant modernit\u00e9 et tradition.\" \/>\n<meta property=\"og:url\" content=\"https:\/\/atelierwaksu.com\/\" \/>\n<meta property=\"og:site_name\" content=\"ATELIER WAKSU\" \/>\n<meta name=\"twitter:card\" content=\"summary_large_image\" \/>\n<script type=\"application\/ld+json\" class=\"yoast-schema-graph\">{\"@context\":\"https:\/\/schema.org\",\"@graph\":[{\"@type\":\"WebPage\",\"@id\":\"https:\/\/atelierwaksu.com\/\",\"url\":\"https:\/\/atelierwaksu.com\/\",\"name\":\"Accueil - ATELIER WAKSU\",\"isPartOf\":{\"@id\":\"https:\/\/atelierwaksu.com\/#website\"},\"datePublished\":\"2021-06-01T12:38:53+00:00\",\"breadcrumb\":{\"@id\":\"https:\/\/atelierwaksu.com\/#breadcrumb\"},\"inLanguage\":\"fr-FR\",\"potentialAction\":[{\"@type\":\"ReadAction\",\"target\":[\"https:\/\/atelierwaksu.com\/\"]}]},{\"@type\":\"BreadcrumbList\",\"@id\":\"https:\/\/atelierwaksu.com\/#breadcrumb\",\"itemListElement\":[{\"@type\":\"ListItem\",\"position\":1,\"name\":\"Accueil\",\"item\":\"https:\/\/atelierwaksu.com\/\"},{\"@type\":\"ListItem\",\"position\":2,\"name\":\"Accueil\"}]},{\"@type\":\"WebSite\",\"@id\":\"https:\/\/atelierwaksu.com\/#website\",\"url\":\"https:\/\/atelierwaksu.com\/\",\"name\":\"ATELIER WAKSU\",\"description\":\"Broderie d&#039;Art\",\"publisher\":{\"@id\":\"https:\/\/atelierwaksu.com\/#organization\"},\"potentialAction\":[{\"@type\":\"SearchAction\",\"target\":{\"@type\":\"EntryPoint\",\"urlTemplate\":\"https:\/\/atelierwaksu.com\/?s={search_term_string}\"},\"query-input\":{\"@type\":\"PropertyValueSpecification\",\"valueRequired\":true,\"valueName\":\"search_term_string\"}}],\"inLanguage\":\"fr-FR\"},{\"@type\":\"Organization\",\"@id\":\"https:\/\/atelierwaksu.com\/#organization\",\"name\":\"ATELIER WAKSU\",\"url\":\"https:\/\/atelierwaksu.com\/\",\"logo\":{\"@type\":\"ImageObject\",\"inLanguage\":\"fr-FR\",\"@id\":\"https:\/\/atelierwaksu.com\/#\/schema\/logo\/image\/\",\"url\":\"https:\/\/atelierwaksu.com\/wp-content\/uploads\/2021\/04\/cropped-logo-simple-avril-2021.jpg\",\"contentUrl\":\"https:\/\/atelierwaksu.com\/wp-content\/uploads\/2021\/04\/cropped-logo-simple-avril-2021.jpg\",\"width\":250,\"height\":250,\"caption\":\"ATELIER WAKSU\"},\"image\":{\"@id\":\"https:\/\/atelierwaksu.com\/#\/schema\/logo\/image\/\"}}]}<\/script>\n<!-- \/ Yoast SEO plugin. -->","yoast_head_json":{"title":"Accueil - ATELIER WAKSU","robots":{"index":"index","follow":"follow","max-snippet":"max-snippet:-1","max-image-preview":"max-image-preview:large","max-video-preview":"max-video-preview:-1"},"canonical":"https:\/\/atelierwaksu.com\/","og_locale":"fr_FR","og_type":"article","og_title":"Accueil - ATELIER WAKSU","og_description":"Atelier Waksu est un atelier de broderie d&rsquo;art, sp\u00e9cialis\u00e9 en broderie perl\u00e9e. Son savoir-faire acquis \u00e0 Lun\u00e9ville (Lorraine), berceau de la broderie perl\u00e9e, lui permet de vous proposer des cr\u00e9ations textiles alliant modernit\u00e9 et tradition.","og_url":"https:\/\/atelierwaksu.com\/","og_site_name":"ATELIER WAKSU","twitter_card":"summary_large_image","schema":{"@context":"https:\/\/schema.org","@graph":[{"@type":"WebPage","@id":"https:\/\/atelierwaksu.com\/","url":"https:\/\/atelierwaksu.com\/","name":"Accueil - ATELIER WAKSU","isPartOf":{"@id":"https:\/\/atelierwaksu.com\/#website"},"datePublished":"2021-06-01T12:38:53+00:00","breadcrumb":{"@id":"https:\/\/atelierwaksu.com\/#breadcrumb"},"inLanguage":"fr-FR","potentialAction":[{"@type":"ReadAction","target":["https:\/\/atelierwaksu.com\/"]}]},{"@type":"BreadcrumbList","@id":"https:\/\/atelierwaksu.com\/#breadcrumb","itemListElement":[{"@type":"ListItem","position":1,"name":"Accueil","item":"https:\/\/atelierwaksu.com\/"},{"@type":"ListItem","position":2,"name":"Accueil"}]},{"@type":"WebSite","@id":"https:\/\/atelierwaksu.com\/#website","url":"https:\/\/atelierwaksu.com\/","name":"ATELIER WAKSU","description":"Broderie d&#039;Art","publisher":{"@id":"https:\/\/atelierwaksu.com\/#organization"},"potentialAction":[{"@type":"SearchAction","target":{"@type":"EntryPoint","urlTemplate":"https:\/\/atelierwaksu.com\/?s={search_term_string}"},"query-input":{"@type":"PropertyValueSpecification","valueRequired":true,"valueName":"search_term_string"}}],"inLanguage":"fr-FR"},{"@type":"Organization","@id":"https:\/\/atelierwaksu.com\/#organization","name":"ATELIER WAKSU","url":"https:\/\/atelierwaksu.com\/","logo":{"@type":"ImageObject","inLanguage":"fr-FR","@id":"https:\/\/atelierwaksu.com\/#\/schema\/logo\/image\/","url":"https:\/\/atelierwaksu.com\/wp-content\/uploads\/2021\/04\/cropped-logo-simple-avril-2021.jpg","contentUrl":"https:\/\/atelierwaksu.com\/wp-content\/uploads\/2021\/04\/cropped-logo-simple-avril-2021.jpg","width":250,"height":250,"caption":"ATELIER WAKSU"},"image":{"@id":"https:\/\/atelierwaksu.com\/#\/schema\/logo\/image\/"}}]}},"_links":{"self":[{"href":"https:\/\/atelierwaksu.com\/index.php?rest_route=\/wp\/v2\/pages\/357","targetHints":{"allow":["GET"]}}],"collection":[{"href":"https:\/\/atelierwaksu.com\/index.php?rest_route=\/wp\/v2\/pages"}],"about":[{"href":"https:\/\/atelierwaksu.com\/index.php?rest_route=\/wp\/v2\/types\/page"}],"author":[{"embeddable":true,"href":"https:\/\/atelierwaksu.com\/index.php?rest_route=\/wp\/v2\/users\/1"}],"replies":[{"embeddable":true,"href":"https:\/\/atelierwaksu.com\/index.php?rest_route=%2Fwp%2Fv2%2Fcomments&post=357"}],"version-history":[{"count":6,"href":"https:\/\/atelierwaksu.com\/index.php?rest_route=\/wp\/v2\/pages\/357\/revisions"}],"predecessor-version":[{"id":366,"href":"https:\/\/atelierwaksu.com\/index.php?rest_route=\/wp\/v2\/pages\/357\/revisions\/366"}],"wp:attachment":[{"href":"https:\/\/atelierwaksu.com\/index.php?rest_route=%2Fwp%2Fv2%2Fmedia&parent=357"}],"curies":[{"name":"wp","href":"https:\/\/api.w.org\/{rel}","templated":true}]}}